{"id":6922,"date":"2023-02-02T14:59:28","date_gmt":"2023-02-02T14:59:28","guid":{"rendered":"https:\/\/vilaradolca.com\/politika-piskotkov-eu\/"},"modified":"2024-03-08T12:41:04","modified_gmt":"2024-03-08T12:41:04","slug":"politika-piskotkov-eu","status":"publish","type":"page","link":"https:\/\/www.hotelpok.com\/sl\/politika-piskotkov-eu\/","title":{"rendered":"Politika pi\u0161kotkov (EU)"},"content":{"rendered":"\n<style>\n    a.cky-banner-element {\n        padding: 8px 30px;\n        background: #F8F9FA;\n        color: #858A8F;\n        border: 1px solid #DEE2E6;\n        box-sizing: border-box;\n        border-radius: 2px;\n        cursor: pointer;\n}\n<\/style>\n\n<p>\n Datum za\u010detka veljavnosti: 08-Mar-2024 <br\/>\n Zadnja posodobitev: 08-Mar-2024\n<\/p>\n\n \n<h5>Kaj so pi\u0161kotki?<\/h5>\n<div class=\"cookie-policy-p\"><p>Ta pravilnik o pi\u0161kotkih pojasnjuje, kaj so pi\u0161kotki in kako jih uporabljamo, vrste pi\u0161kotkov, ki jih uporabljamo, tj. informacije, ki jih zbiramo s pi\u0161kotki, in kako se te informacije uporabljajo ter kako upravljati nastavitve pi\u0161kotkov.<\/p> <p>Pi\u0161kotki so majhne besedilne datoteke, ki se uporabljajo za shranjevanje majhnih informacij. Ko se spletno mesto nalo\u017ei v brskalnik, se shranijo v va\u0161i napravi. Ti pi\u0161kotki nam pomagajo, da spletna stran deluje pravilno, jo naredimo bolj varno, zagotovimo bolj\u0161o uporabni\u0161ko izku\u0161njo in razumemo, kako spletna stran deluje ter analiziramo, kaj deluje in kje je treba izbolj\u0161ati.<\/p><\/div>\n\n \n<h5>Kako uporabljamo pi\u0161kotke?<\/h5>\n<div class=\"cookie-policy-p\"><p>Kot ve\u010dina spletnih storitev tudi na\u0161e spletno mesto uporablja lastne pi\u0161kotke in pi\u0161kotke tretjih oseb za ve\u010d namenov. Lastni pi\u0161kotki so ve\u010dinoma potrebni za pravilno delovanje spletnega mesta in ne zbirajo nobenih va\u0161ih osebnih podatkov.<\/p> <p>Pi\u0161kotki tretjih oseb, ki se uporabljajo na na\u0161em spletnem mestu, so v glavnem namenjeni razumevanju delovanja spletnega mesta, va\u0161e interakcije z na\u0161im spletnim mestom, zagotavljanju varnosti na\u0161ih storitev, zagotavljanju oglasov, ki so pomembni za vas, in na splo\u0161no vam zagotavljajo bolj\u0161ega in izbolj\u0161anega uporabnika. izku\u0161enj in pomaga pospe\u0161iti va\u0161e prihodnje interakcije z na\u0161im spletnim mestom.<\/p><\/div>\n\n \n    <h5>Vrste pi\u0161kotkov, ki jih uporabljamo<\/h5>\n\n    <div class=\"cky-audit-table-element\"><\/div>\n\n \n    <h5 style=\"margin-bottom:20px;\">Upravljajte nastavitve pi\u0161kotkov<\/h5>\n\n    <a class=\"cky-banner-element\">Nastavitve pi\u0161kotkov<\/a> <br\/>\n\n    <div><p>Nastavitve pi\u0161kotkov lahko kadar koli spremenite s klikom na zgornji gumb. To vam bo omogo\u010dilo, da ponovno obi\u0161\u010dete pasico s soglasjem za pi\u0161kotke in spremenite svoje nastavitve ali takoj umaknete soglasje. <\/p> <p>Poleg tega razli\u010dni brskalniki ponujajo razli\u010dne metode za blokiranje in brisanje pi\u0161kotkov, ki jih uporabljajo spletna mesta. Nastavitve brskalnika lahko spremenite tako, da blokirate\/izbri\u0161ete pi\u0161kotke. Spodaj so navedene povezave do podpornih dokumentov o upravljanju in brisanju pi\u0161kotkov iz glavnih spletnih brskalnikov.<\/p> <p>Chrome: <a href=\"https:\/\/support.google.com\/accounts\/answer\/32050\" target=\"_blank\" rel=\"noopener\">https:\/\/support.google.com\/accounts\/answer\/32050<\/a><\/p><p>Safari: <a href=\"https:\/\/support.apple.com\/en-in\/guide\/safari\/sfri11471\/mac\" target=\"_blank\" rel=\"noopener\">https:\/\/support.apple.com\/en-in\/guide\/safari\/sfri11471\/mac<\/a><\/p><p>Firefox: <a href=\"https:\/\/support.mozilla.org\/en-US\/kb\/clear-cookies-and-site-data-firefox?redirectslug=delete-cookies-remove-info-websites-stored&#038;redirectlocale=en-US\" target=\"_blank\" rel=\"noopener\">https:\/\/support.mozilla.org\/en-US\/kb\/clear-cookies-and-site-data-firefox?redirectslug=delete-cookies-remove-info-websites-stored&#038;redirectlocale=en-US<\/a><\/p><p>Internet Explorer: <a href=\"https:\/\/support.microsoft.com\/en-us\/topic\/how-to-delete-cookie-files-in-internet-explorer-bca9446f-d873-78de-77ba-d42645fa52fc\" target=\"_blank\" rel=\"noopener\">https:\/\/support.microsoft.com\/en-us\/topic\/how-to-delete-cookie-files-in-internet-explorer-bca9446f-d873-78de-77ba-d42645fa52fc<\/a><\/p><p>\u010ce uporabljate kateri koli drug spletni brskalnik, obi\u0161\u010dite uradne dokumente za podporo brskalnika.<\/p><\/div>\n\n\n \n\n","protected":false},"excerpt":{"rendered":"<p>Datum za\u010detka veljavnosti: 08-Mar-2024 Zadnja posodobitev: 08-Mar-2024 Kaj so pi\u0161kotki? Ta pravilnik o pi\u0161kotkih pojasnjuje, kaj so pi\u0161kotki in kako jih uporabljamo, vrste pi\u0161kotkov, ki jih uporabljamo, tj. informacije, ki jih zbiramo s pi\u0161kotki, in kako se te informacije uporabljajo ter kako upravljati nastavitve pi\u0161kotkov. Pi\u0161kotki so majhne besedilne datoteke, ki se uporabljajo za shranjevanje [&hellip;]<\/p>\n","protected":false},"author":1,"featured_media":0,"parent":0,"menu_order":0,"comment_status":"closed","ping_status":"closed","template":"","meta":{"footnotes":""},"class_list":["post-6922","page","type-page","status-publish","hentry"],"yoast_head":"<!-- This site is optimized with the Yoast SEO plugin v26.9 - https:\/\/yoast.com\/product\/yoast-seo-wordpress\/ -->\n<title>Politika pi\u0161kotkov (EU) - Hotel Pok<\/title>\n<meta name=\"description\" content=\"Preberite ve\u010d o na\u0161em pravilniku o pi\u0161kotkih, da boste razumeli, kako zbiramo, uporabljamo in varujemo va\u0161e podatke med brskanjem po na\u0161i spletni strani.\" \/>\n<meta name=\"robots\" content=\"index, follow, max-snippet:-1, max-image-preview:large, max-video-preview:-1\" \/>\n<link rel=\"canonical\" href=\"https:\/\/www.hotelpok.com\/sl\/politika-piskotkov-eu\/\" \/>\n<meta property=\"og:locale\" content=\"sl_SI\" \/>\n<meta property=\"og:type\" content=\"article\" \/>\n<meta property=\"og:title\" content=\"Politika pi\u0161kotkov (EU) - Hotel Pok\" \/>\n<meta property=\"og:description\" content=\"Preberite ve\u010d o na\u0161em pravilniku o pi\u0161kotkih, da boste razumeli, kako zbiramo, uporabljamo in varujemo va\u0161e podatke med brskanjem po na\u0161i spletni strani.\" \/>\n<meta property=\"og:url\" content=\"https:\/\/www.hotelpok.com\/sl\/politika-piskotkov-eu\/\" \/>\n<meta property=\"og:site_name\" content=\"Hotel Pok\" \/>\n<meta property=\"article:modified_time\" content=\"2024-03-08T12:41:04+00:00\" \/>\n<meta name=\"twitter:card\" content=\"summary_large_image\" \/>\n<meta name=\"twitter:label1\" content=\"Est. reading time\" \/>\n\t<meta name=\"twitter:data1\" content=\"2 minuti\" \/>\n<script type=\"application\/ld+json\" class=\"yoast-schema-graph\">{\"@context\":\"https:\/\/schema.org\",\"@graph\":[{\"@type\":\"WebPage\",\"@id\":\"https:\/\/www.hotelpok.com\/sl\/politika-piskotkov-eu\/\",\"url\":\"https:\/\/www.hotelpok.com\/sl\/politika-piskotkov-eu\/\",\"name\":\"Politika pi\u0161kotkov (EU) - Hotel Pok\",\"isPartOf\":{\"@id\":\"https:\/\/www.hotelpok.com\/sl\/#website\"},\"datePublished\":\"2023-02-02T14:59:28+00:00\",\"dateModified\":\"2024-03-08T12:41:04+00:00\",\"description\":\"Preberite ve\u010d o na\u0161em pravilniku o pi\u0161kotkih, da boste razumeli, kako zbiramo, uporabljamo in varujemo va\u0161e podatke med brskanjem po na\u0161i spletni strani.\",\"breadcrumb\":{\"@id\":\"https:\/\/www.hotelpok.com\/sl\/politika-piskotkov-eu\/#breadcrumb\"},\"inLanguage\":\"sl-SI\",\"potentialAction\":[{\"@type\":\"ReadAction\",\"target\":[\"https:\/\/www.hotelpok.com\/sl\/politika-piskotkov-eu\/\"]}]},{\"@type\":\"BreadcrumbList\",\"@id\":\"https:\/\/www.hotelpok.com\/sl\/politika-piskotkov-eu\/#breadcrumb\",\"itemListElement\":[{\"@type\":\"ListItem\",\"position\":1,\"name\":\"Home\",\"item\":\"https:\/\/www.hotelpok.com\/sl\/\"},{\"@type\":\"ListItem\",\"position\":2,\"name\":\"Politika pi\u0161kotkov (EU)\"}]},{\"@type\":\"WebSite\",\"@id\":\"https:\/\/www.hotelpok.com\/sl\/#website\",\"url\":\"https:\/\/www.hotelpok.com\/sl\/\",\"name\":\"Hotel Pok\",\"description\":\"Sobe Hotel Pok\",\"publisher\":{\"@id\":\"https:\/\/www.hotelpok.com\/sl\/#organization\"},\"potentialAction\":[{\"@type\":\"SearchAction\",\"target\":{\"@type\":\"EntryPoint\",\"urlTemplate\":\"https:\/\/www.hotelpok.com\/sl\/?s={search_term_string}\"},\"query-input\":{\"@type\":\"PropertyValueSpecification\",\"valueRequired\":true,\"valueName\":\"search_term_string\"}}],\"inLanguage\":\"sl-SI\"},{\"@type\":\"Organization\",\"@id\":\"https:\/\/www.hotelpok.com\/sl\/#organization\",\"name\":\"Villa Medita\",\"url\":\"https:\/\/www.hotelpok.com\/sl\/\",\"logo\":{\"@type\":\"ImageObject\",\"inLanguage\":\"sl-SI\",\"@id\":\"https:\/\/www.hotelpok.com\/sl\/#\/schema\/logo\/image\/\",\"url\":\"https:\/\/hotel-pok.forwardapps.si\/wp-content\/uploads\/2023\/01\/accusoft-1.svg\",\"contentUrl\":\"https:\/\/hotel-pok.forwardapps.si\/wp-content\/uploads\/2023\/01\/accusoft-1.svg\",\"width\":640,\"height\":512,\"caption\":\"Villa Medita\"},\"image\":{\"@id\":\"https:\/\/www.hotelpok.com\/sl\/#\/schema\/logo\/image\/\"}}]}<\/script>\n<!-- \/ Yoast SEO plugin. -->","yoast_head_json":{"title":"Politika pi\u0161kotkov (EU) - Hotel Pok","description":"Preberite ve\u010d o na\u0161em pravilniku o pi\u0161kotkih, da boste razumeli, kako zbiramo, uporabljamo in varujemo va\u0161e podatke med brskanjem po na\u0161i spletni strani.","robots":{"index":"index","follow":"follow","max-snippet":"max-snippet:-1","max-image-preview":"max-image-preview:large","max-video-preview":"max-video-preview:-1"},"canonical":"https:\/\/www.hotelpok.com\/sl\/politika-piskotkov-eu\/","og_locale":"sl_SI","og_type":"article","og_title":"Politika pi\u0161kotkov (EU) - Hotel Pok","og_description":"Preberite ve\u010d o na\u0161em pravilniku o pi\u0161kotkih, da boste razumeli, kako zbiramo, uporabljamo in varujemo va\u0161e podatke med brskanjem po na\u0161i spletni strani.","og_url":"https:\/\/www.hotelpok.com\/sl\/politika-piskotkov-eu\/","og_site_name":"Hotel Pok","article_modified_time":"2024-03-08T12:41:04+00:00","twitter_card":"summary_large_image","twitter_misc":{"Est. reading time":"2 minuti"},"schema":{"@context":"https:\/\/schema.org","@graph":[{"@type":"WebPage","@id":"https:\/\/www.hotelpok.com\/sl\/politika-piskotkov-eu\/","url":"https:\/\/www.hotelpok.com\/sl\/politika-piskotkov-eu\/","name":"Politika pi\u0161kotkov (EU) - Hotel Pok","isPartOf":{"@id":"https:\/\/www.hotelpok.com\/sl\/#website"},"datePublished":"2023-02-02T14:59:28+00:00","dateModified":"2024-03-08T12:41:04+00:00","description":"Preberite ve\u010d o na\u0161em pravilniku o pi\u0161kotkih, da boste razumeli, kako zbiramo, uporabljamo in varujemo va\u0161e podatke med brskanjem po na\u0161i spletni strani.","breadcrumb":{"@id":"https:\/\/www.hotelpok.com\/sl\/politika-piskotkov-eu\/#breadcrumb"},"inLanguage":"sl-SI","potentialAction":[{"@type":"ReadAction","target":["https:\/\/www.hotelpok.com\/sl\/politika-piskotkov-eu\/"]}]},{"@type":"BreadcrumbList","@id":"https:\/\/www.hotelpok.com\/sl\/politika-piskotkov-eu\/#breadcrumb","itemListElement":[{"@type":"ListItem","position":1,"name":"Home","item":"https:\/\/www.hotelpok.com\/sl\/"},{"@type":"ListItem","position":2,"name":"Politika pi\u0161kotkov (EU)"}]},{"@type":"WebSite","@id":"https:\/\/www.hotelpok.com\/sl\/#website","url":"https:\/\/www.hotelpok.com\/sl\/","name":"Hotel Pok","description":"Sobe Hotel Pok","publisher":{"@id":"https:\/\/www.hotelpok.com\/sl\/#organization"},"potentialAction":[{"@type":"SearchAction","target":{"@type":"EntryPoint","urlTemplate":"https:\/\/www.hotelpok.com\/sl\/?s={search_term_string}"},"query-input":{"@type":"PropertyValueSpecification","valueRequired":true,"valueName":"search_term_string"}}],"inLanguage":"sl-SI"},{"@type":"Organization","@id":"https:\/\/www.hotelpok.com\/sl\/#organization","name":"Villa Medita","url":"https:\/\/www.hotelpok.com\/sl\/","logo":{"@type":"ImageObject","inLanguage":"sl-SI","@id":"https:\/\/www.hotelpok.com\/sl\/#\/schema\/logo\/image\/","url":"https:\/\/hotel-pok.forwardapps.si\/wp-content\/uploads\/2023\/01\/accusoft-1.svg","contentUrl":"https:\/\/hotel-pok.forwardapps.si\/wp-content\/uploads\/2023\/01\/accusoft-1.svg","width":640,"height":512,"caption":"Villa Medita"},"image":{"@id":"https:\/\/www.hotelpok.com\/sl\/#\/schema\/logo\/image\/"}}]}},"_links":{"self":[{"href":"https:\/\/www.hotelpok.com\/sl\/wp-json\/wp\/v2\/pages\/6922","targetHints":{"allow":["GET"]}}],"collection":[{"href":"https:\/\/www.hotelpok.com\/sl\/wp-json\/wp\/v2\/pages"}],"about":[{"href":"https:\/\/www.hotelpok.com\/sl\/wp-json\/wp\/v2\/types\/page"}],"author":[{"embeddable":true,"href":"https:\/\/www.hotelpok.com\/sl\/wp-json\/wp\/v2\/users\/1"}],"replies":[{"embeddable":true,"href":"https:\/\/www.hotelpok.com\/sl\/wp-json\/wp\/v2\/comments?post=6922"}],"version-history":[{"count":4,"href":"https:\/\/www.hotelpok.com\/sl\/wp-json\/wp\/v2\/pages\/6922\/revisions"}],"predecessor-version":[{"id":12324,"href":"https:\/\/www.hotelpok.com\/sl\/wp-json\/wp\/v2\/pages\/6922\/revisions\/12324"}],"wp:attachment":[{"href":"https:\/\/www.hotelpok.com\/sl\/wp-json\/wp\/v2\/media?parent=6922"}],"curies":[{"name":"wp","href":"https:\/\/api.w.org\/{rel}","templated":true}]}}